{"id":811,"date":"2026-01-19T09:09:09","date_gmt":"2026-01-19T09:09:09","guid":{"rendered":"https:\/\/craftec.vn\/?page_id=811"},"modified":"2026-01-19T09:10:31","modified_gmt":"2026-01-19T09:10:31","slug":"privacy-policy","status":"publish","type":"page","link":"https:\/\/craftec.vn\/vi\/privacy-policy\/","title":{"rendered":"CH\u00cdNH S\u00c1CH L\u1eeeU TR\u1eee V\u00c0 B\u1ea2O M\u1eacT TH\u00d4NG TIN KH\u00c1CH H\u00c0NG"},"content":{"rendered":"<div class=\"clearfix mb50\">\n<p>Trong qu\u00e1 tr\u00ecnh l\u01b0u tr\u1eef th\u00f4ng tin kh\u00e1ch h\u00e0ng, CRAFTEC lu\u00f4n th\u1ef1c hi\u1ec7n c\u00f4ng vi\u1ec7c v\u1edbi th\u00e1i \u0111\u1ed9 th\u1eadn tr\u1ecdng v\u00e0 x\u1eed l\u00fd th\u00f4ng tin theo c\u00e1c quy tr\u00ecnh \u0111\u00e3 \u0111\u01b0\u1ee3c quy \u0111\u1ecbnh.<br \/>Ch\u00ednh s\u00e1ch d\u01b0\u1edbi \u0111\u00e2y th\u1ec3 hi\u1ec7n r\u00f5 c\u00e1ch th\u1ee9c C\u00f4ng ty th\u1ef1c hi\u1ec7n tr\u00e1ch nhi\u1ec7m \u0111\u1ed1i v\u1edbi kh\u00e1ch h\u00e0ng, \u0111\u1ed3ng th\u1eddi l\u00e0m r\u00f5 ph\u01b0\u01a1ng th\u1ee9c x\u1eed l\u00fd c\u00e1c t\u00e0i li\u1ec7u v\u00e0 th\u00f4ng tin c\u1ee7a kh\u00e1ch h\u00e0ng.<br \/>Khi kh\u00e1ch h\u00e0ng s\u1eed d\u1ee5ng s\u1ea3n ph\u1ea9m c\u1ee7a CRAFTEC, \u0111i\u1ec1u \u0111\u00f3 \u0111\u01b0\u1ee3c xem l\u00e0 kh\u00e1ch h\u00e0ng \u0111\u00e3 hi\u1ec3u r\u00f5 v\u00e0 ch\u1ea5p thu\u1eadn c\u00e1c quy \u0111\u1ecbnh v\u00e0 \u0111i\u1ec1u kho\u1ea3n \u0111\u01b0\u1ee3c n\u00eau trong <b>Ch\u00ednh s\u00e1ch b\u1ea3o m\u1eadt<\/b> c\u1ee7a CRAFTEC, c\u0169ng nh\u01b0 \u0111\u00e3 hi\u1ec3u \u0111\u1ea7y \u0111\u1ee7 m\u1ee5c \u0111\u00edch thu th\u1eadp th\u00f4ng tin v\u00e0 ph\u01b0\u01a1ng th\u1ee9c x\u1eed l\u00fd th\u00f4ng tin \u0111\u00f3.<\/p>\n<\/div>\n<div class=\"clearfix mb50\">\n<h3>1. \u0110\u1ecbnh ngh\u0129a th\u00f4ng tin c\u00e1 nh\u00e2n<\/h3>\n<p>Th\u00f4ng tin c\u00e1 nh\u00e2n l\u00e0 c\u00e1c th\u00f4ng tin c\u00f3 th\u1ec3 nh\u1eadn d\u1ea1ng m\u1ed9t c\u00e1 nh\u00e2n c\u1ee5 th\u1ec3, bao g\u1ed3m nh\u01b0ng kh\u00f4ng gi\u1edbi h\u1ea1n \u1edf: \u0111\u1ecba ch\u1ec9, h\u1ecd t\u00ean, n\u01a1i l\u00e0m vi\u1ec7c, ch\u1ee9c danh, ch\u1ee9c v\u1ee5, s\u1ed1 \u0111i\u1ec7n tho\u1ea1i, \u0111\u1ecba ch\u1ec9 email v\u00e0 c\u00e1c th\u00f4ng tin kh\u00e1c c\u00f3 th\u1ec3 d\u1ec5 d\u00e0ng \u0111\u1ed1i chi\u1ebfu v\u1edbi th\u00f4ng tin kh\u00e1c \u0111\u1ec3 x\u00e1c \u0111\u1ecbnh m\u1ed9t c\u00e1 nh\u00e2n.<\/p>\n<\/div>\n<div class=\"clearfix mb50\">\n<h3>2. M\u1ee5c \u0111\u00edch s\u1eed d\u1ee5ng th\u00f4ng tin c\u00e1 nh\u00e2n<\/h3>\n<p>CRAFTEC s\u1eed d\u1ee5ng th\u00f4ng tin c\u00e1 nh\u00e2n cho c\u00e1c m\u1ee5c \u0111\u00edch d\u01b0\u1edbi \u0111\u00e2y v\u00e0 s\u1ebd kh\u00f4ng x\u1eed l\u00fd th\u00f4ng tin c\u00e1 nh\u00e2n v\u01b0\u1ee3t qu\u00e1 ph\u1ea1m vi c\u1ea7n thi\u1ebft \u0111\u1ec3 \u0111\u1ea1t \u0111\u01b0\u1ee3c m\u1ee5c \u0111\u00edch s\u1eed d\u1ee5ng m\u00e0 kh\u00f4ng c\u00f3 s\u1ef1 \u0111\u1ed3ng \u00fd c\u1ee7a ch\u1ee7 th\u1ec3 th\u00f4ng tin.<br \/>Tr\u01b0\u1eddng h\u1ee3p c\u00f3 m\u1ee5c \u0111\u00edch s\u1eed d\u1ee5ng ri\u00eang kh\u00e1c ngo\u00e0i c\u00e1c m\u1ee5c \u0111\u00edch d\u01b0\u1edbi \u0111\u00e2y, C\u00f4ng ty s\u1ebd th\u00f4ng b\u00e1o c\u1ee5 th\u1ec3 t\u1eebng l\u1ea7n.<br \/>X\u00e1c nh\u1eadn vi\u1ec7c \u0111\u0103ng k\u00fd, \u0111\u0103ng k\u00fd d\u1ecbch v\u1ee5, k\u00fd k\u1ebft h\u1ee3p \u0111\u1ed3ng, \u0111\u1eb7t h\u00e0ng<br \/>Cung c\u1ea5p c\u00e1c d\u1ecbch v\u1ee5 kh\u00e1c nhau (bao g\u1ed3m d\u1ecbch v\u1ee5 th\u01b0\u01a1ng m\u1ea1i \u0111i\u1ec7n t\u1eed tr\u00ean website c\u1ee7a C\u00f4ng ty, thanh to\u00e1n, giao h\u00e0ng, v.v.)<br \/>N\u00e2ng cao ch\u1ea5t l\u01b0\u1ee3ng d\u1ecbch v\u1ee5 v\u00e0 ph\u00e1t tri\u1ec3n d\u1ecbch v\u1ee5 m\u1edbi<br \/>Ho\u1ea1t \u0111\u1ed9ng x\u00fac ti\u1ebfn b\u00e1n h\u00e0ng<br \/>Th\u1ef1c hi\u1ec7n kh\u1ea3o s\u00e1t; li\u00ean h\u1ec7 v\u00e0 g\u1eedi qu\u00e0 t\u1eb7ng, gi\u1ea3i th\u01b0\u1edfng<br \/>T\u1ea1o d\u1eef li\u1ec7u th\u1ed1ng k\u00ea (d\u1eef li\u1ec7u kh\u00f4ng th\u1ec3 nh\u1eadn d\u1ea1ng c\u00e1 nh\u00e2n)<br \/>G\u1eedi th\u00f4ng tin gi\u1edbi thi\u1ec7u v\u1ec1 c\u00e1c d\u1ecbch v\u1ee5, h\u1ed9i th\u1ea3o<br \/>Gi\u1edbi thi\u1ec7u h\u1ed9i th\u1ea3o tuy\u1ec3n d\u1ee5ng v\u00e0 \u0111\u00e1nh gi\u00e1 vi\u1ec7c tuy\u1ec3n d\u1ee5ng<\/p>\n<\/div>\n<div class=\"clearfix mb50\">\n<h3>3. Thu th\u1eadp th\u00f4ng tin c\u00e1 nh\u00e2n<\/h3>\n<p>CRAFTEC thu th\u1eadp th\u00f4ng tin c\u00e1 nh\u00e2n b\u1eb1ng c\u00e1c ph\u01b0\u01a1ng th\u1ee9c h\u1ee3p ph\u00e1p v\u00e0 ph\u00f9 h\u1ee3p.<br \/>Khi thu th\u1eadp th\u00f4ng tin c\u00e1 nh\u00e2n, C\u00f4ng ty s\u1ebd nhanh ch\u00f3ng th\u00f4ng b\u00e1o cho ch\u1ee7 th\u1ec3 th\u00f4ng tin v\u1ec1 m\u1ee5c \u0111\u00edch s\u1eed d\u1ee5ng ho\u1eb7c c\u00f4ng b\u1ed1 th\u00f4ng tin \u0111\u00f3 th\u00f4ng qua Ch\u00ednh s\u00e1ch b\u1ea3o m\u1eadt n\u00e0y, tr\u1eeb tr\u01b0\u1eddng h\u1ee3p m\u1ee5c \u0111\u00edch s\u1eed d\u1ee5ng thu\u1ed9c n\u1ed9i dung n\u00eau t\u1ea1i M\u1ee5c 2.<br \/>Trong tr\u01b0\u1eddng h\u1ee3p thay \u0111\u1ed5i m\u1ee5c \u0111\u00edch s\u1eed d\u1ee5ng, C\u00f4ng ty s\u1ebd th\u00f4ng b\u00e1o cho ch\u1ee7 th\u1ec3 th\u00f4ng tin ho\u1eb7c c\u00f4ng b\u1ed1 th\u00f4ng qua Ch\u00ednh s\u00e1ch b\u1ea3o m\u1eadt n\u00e0y.<\/p>\n<\/div>\n<div class=\"clearfix mb50\">\n<h3>4. \u0110\u1ea3m b\u1ea3o t\u00ednh ch\u00ednh x\u00e1c c\u1ee7a th\u00f4ng tin c\u00e1 nh\u00e2n<\/h3>\n<p>CRAFTEC n\u1ed7 l\u1ef1c duy tr\u00ec th\u00f4ng tin c\u00e1 nh\u00e2n lu\u00f4n ch\u00ednh x\u00e1c v\u00e0 \u0111\u01b0\u1ee3c c\u1eadp nh\u1eadt m\u1edbi nh\u1ea5t.<\/p>\n<\/div>\n<div class=\"clearfix mb50\">\n<h3>5. Bi\u1ec7n ph\u00e1p qu\u1ea3n l\u00fd an to\u00e0n<\/h3>\n<p>CRAFTEC l\u01b0u tr\u1eef v\u00e0 qu\u1ea3n l\u00fd th\u00f4ng tin c\u00e1 nh\u00e2n m\u1ed9t c\u00e1ch nghi\u00eam ng\u1eb7t, \u0111\u1ed3ng th\u1eddi \u00e1p d\u1ee5ng c\u00e1c bi\u1ec7n ph\u00e1p c\u1ea7n thi\u1ebft \u0111\u1ec3 ng\u0103n ng\u1eeba vi\u1ec7c r\u00f2 r\u1ec9, m\u1ea5t m\u00e1t, h\u01b0 h\u1ecfng v\u00e0 c\u00e1c r\u1ee7i ro an to\u00e0n kh\u00e1c \u0111\u1ed1i v\u1edbi th\u00f4ng tin c\u00e1 nh\u00e2n.<\/p>\n<\/div>\n<div class=\"clearfix mb50\">\n<h3>6. Cung c\u1ea5p th\u00f4ng tin cho b\u00ean th\u1ee9 ba<\/h3>\n<p>CRAFTEC kh\u00f4ng ti\u1ebft l\u1ed9 ho\u1eb7c cung c\u1ea5p th\u00f4ng tin c\u00e1 nh\u00e2n cho b\u00ean th\u1ee9 ba n\u1ebfu kh\u00f4ng c\u00f3 s\u1ef1 \u0111\u1ed3ng \u00fd c\u1ee7a ch\u1ee7 th\u1ec3 th\u00f4ng tin, tr\u1eeb c\u00e1c tr\u01b0\u1eddng h\u1ee3p sau:<br \/>Khi \u1ee7y th\u00e1c cho b\u00ean th\u1ee9 ba x\u1eed l\u00fd th\u00f4ng tin c\u00e1 nh\u00e2n nh\u1eb1m th\u1ef1c hi\u1ec7n m\u1ee5c \u0111\u00edch s\u1eed d\u1ee5ng<br \/>Khi vi\u1ec7c cung c\u1ea5p th\u00f4ng tin \u0111\u01b0\u1ee3c y\u00eau c\u1ea7u theo quy \u0111\u1ecbnh c\u1ee7a ph\u00e1p lu\u1eadt<\/p>\n<\/div>\n<div class=\"clearfix mb50\">\n<h3>7.COOKIES<\/h3>\n<p>Website n\u00e0y c\u00f3 th\u1ec3 s\u1eed d\u1ee5ng Cookie t\u00f9y theo c\u00e1c ch\u1ee9c n\u0103ng \u0111\u01b0\u1ee3c cung c\u1ea5p.<br \/>Cookie gi\u00fap thu th\u1eadp c\u00e1c th\u00f4ng tin nh\u01b0 lo\u1ea1i tr\u00ecnh duy\u1ec7t, h\u1ec7 \u0111i\u1ec1u h\u00e0nh, s\u1ed1 l\u01b0\u1ee3ng kh\u00e1ch truy c\u1eadp website v\u00e0 c\u00e1ch th\u1ee9c ng\u01b0\u1eddi d\u00f9ng s\u1eed d\u1ee5ng website.<br \/>Ngo\u00e0i ra, Cookie c\u00f2n gi\u00fap t\u1ed1i \u01b0u h\u00f3a website cho t\u1eebng ng\u01b0\u1eddi d\u00f9ng, qua \u0111\u00f3 n\u00e2ng cao t\u00ednh ti\u1ec7n l\u1ee3i khi s\u1eed d\u1ee5ng.<br \/>Th\u00f4ng qua Cookie, kh\u00f4ng th\u1ec3 tr\u1ef1c ti\u1ebfp thu th\u1eadp th\u00f4ng tin c\u00e1 nh\u00e2n c\u00f3 th\u1ec3 nh\u1eadn d\u1ea1ng c\u00e1 nh\u00e2n. Tuy nhi\u00ean, trong tr\u01b0\u1eddng h\u1ee3p ng\u01b0\u1eddi d\u00f9ng \u0111\u00e3 cung c\u1ea5p tr\u01b0\u1edbc \u0111\u00f3 c\u00e1c th\u00f4ng tin c\u00e1 nh\u00e2n c\u00f3 th\u1ec3 nh\u1eadn d\u1ea1ng, Cookie c\u00f3 th\u1ec3 \u0111\u01b0\u1ee3c li\u00ean k\u1ebft v\u1edbi c\u00e1c th\u00f4ng tin \u0111\u00f3.<br \/>Th\u00f4ng tin \u0111\u01b0\u1ee3c thu th\u1eadp th\u00f4ng qua Cookie c\u00f3 th\u1ec3 \u0111\u01b0\u1ee3c chia s\u1ebb v\u1edbi b\u00ean th\u1ee9 ba.<br \/>Ngo\u00e0i ra, C\u00f4ng ty c\u00f3 th\u1ec3 s\u1eed d\u1ee5ng th\u1ebb (tag) ti\u1ebfp th\u1ecb l\u1ea1i khi ng\u01b0\u1eddi d\u00f9ng truy c\u1eadp v\u00e0o c\u00e1c trang c\u1ee5 th\u1ec3, nh\u1eb1m hi\u1ec3n th\u1ecb qu\u1ea3ng c\u00e1o m\u1ee5c ti\u00eau trong t\u01b0\u01a1ng lai.<\/p>\n<\/div>\n<div class=\"clearfix mb50\">\n<h3>8.Thay \u0111\u1ed5i Ch\u00ednh s\u00e1ch b\u1ea3o m\u1eadt<\/h3>\n<p>Ch\u00ednh s\u00e1ch b\u1ea3o m\u1eadt n\u00e0y c\u00f3 th\u1ec3 \u0111\u01b0\u1ee3c thay \u0111\u1ed5i m\u00e0 kh\u00f4ng c\u1ea7n th\u00f4ng b\u00e1o tr\u01b0\u1edbc do s\u1eeda \u0111\u1ed5i ph\u00e1p lu\u1eadt ho\u1eb7c theo quy\u1ebft \u0111\u1ecbnh c\u1ee7a C\u00f4ng ty.<br \/>Trong tr\u01b0\u1eddng h\u1ee3p \u0111\u00f3, ch\u00ednh s\u00e1ch b\u1ea3o m\u1eadt \u0111\u00e3 \u0111\u01b0\u1ee3c s\u1eeda \u0111\u1ed5i s\u1ebd \u0111\u01b0\u1ee3c c\u00f4ng b\u1ed1 tr\u00ean website c\u1ee7a C\u00f4ng ty<\/p>\n<\/div>\n<div class=\"clearfix\">\n<h3>9. LI\u00caN H\u1ec6 V\u1ec0 TH\u00d4NG TIN C\u00c1 NH\u00c2N<\/h3>\n<p>Vui l\u00f2ng li\u00ean h\u1ec7 theo link th\u00f4ng tin d\u01b0\u1edbi \u0111\u00e2y<\/p>\n<\/div>\n","protected":false},"excerpt":{"rendered":"<p>Trong qu\u00e1 tr\u00ecnh l\u01b0u tr\u1eef th\u00f4ng tin kh\u00e1ch h\u00e0ng, CRAFTEC lu\u00f4n th\u1ef1c hi\u1ec7n c\u00f4ng vi\u1ec7c v\u1edbi th\u00e1i \u0111\u1ed9 th\u1eadn tr\u1ecdng v\u00e0 x\u1eed l\u00fd th\u00f4ng tin theo c\u00e1c quy tr\u00ecnh \u0111\u00e3 \u0111\u01b0\u1ee3c quy \u0111\u1ecbnh.Ch\u00ednh s\u00e1ch d\u01b0\u1edbi \u0111\u00e2y th\u1ec3 hi\u1ec7n r\u00f5 c\u00e1ch th\u1ee9c C\u00f4ng ty th\u1ef1c hi\u1ec7n tr\u00e1ch nhi\u1ec7m \u0111\u1ed1i v\u1edbi kh\u00e1ch h\u00e0ng, \u0111\u1ed3ng th\u1eddi l\u00e0m r\u00f5 [&hellip;]<\/p>\n","protected":false},"author":2,"featured_media":0,"parent":0,"menu_order":0,"comment_status":"closed","ping_status":"closed","template":"","meta":{"_acf_changed":false,"_monsterinsights_skip_tracking":false,"_monsterinsights_sitenote_active":false,"_monsterinsights_sitenote_note":"","_monsterinsights_sitenote_category":0,"_locale":"vi","_original_post":"https:\/\/craftec.vn\/?page_id=808","footnotes":""},"class_list":["post-811","page","type-page","status-publish","hentry","vi"],"acf":[],"aioseo_notices":[],"_links":{"self":[{"href":"https:\/\/craftec.vn\/wp-json\/wp\/v2\/pages\/811","targetHints":{"allow":["GET"]}}],"collection":[{"href":"https:\/\/craftec.vn\/wp-json\/wp\/v2\/pages"}],"about":[{"href":"https:\/\/craftec.vn\/wp-json\/wp\/v2\/types\/page"}],"author":[{"embeddable":true,"href":"https:\/\/craftec.vn\/wp-json\/wp\/v2\/users\/2"}],"replies":[{"embeddable":true,"href":"https:\/\/craftec.vn\/wp-json\/wp\/v2\/comments?post=811"}],"version-history":[{"count":2,"href":"https:\/\/craftec.vn\/wp-json\/wp\/v2\/pages\/811\/revisions"}],"predecessor-version":[{"id":814,"href":"https:\/\/craftec.vn\/wp-json\/wp\/v2\/pages\/811\/revisions\/814"}],"wp:attachment":[{"href":"https:\/\/craftec.vn\/wp-json\/wp\/v2\/media?parent=811"}],"curies":[{"name":"wp","href":"https:\/\/api.w.org\/{rel}","templated":true}]}}