{"id":210,"date":"2025-10-15T03:57:55","date_gmt":"2025-10-15T03:57:55","guid":{"rendered":"http:\/\/craftec-vn.check-xserver.jp\/?page_id=210"},"modified":"2025-11-05T04:35:24","modified_gmt":"2025-11-05T04:35:24","slug":"thanks","status":"publish","type":"page","link":"https:\/\/craftec.vn\/vi\/contact\/thanks\/","title":{"rendered":"Thanks"},"content":{"rendered":"<p class=\"center\">C\u1ea3m \u01a1n b\u1ea1n \u0111\u00e3 g\u1eedi c\u00e2u h\u1ecfi.<br \/>\nM\u1ed9t \u0111\u1ea1i di\u1ec7n s\u1ebd li\u00ean h\u1ec7 v\u1edbi b\u1ea1n, vui l\u00f2ng ch\u1edd trong gi\u00e2y l\u00e1t.<br \/>\nN\u1ebfu b\u1ea1n kh\u00f4ng nh\u1eadn \u0111\u01b0\u1ee3c email t\u1eeb ch\u00fang t\u00f4i, c\u00f3 th\u1ec3 email \u0111\u00e3 n\u1eb1m trong th\u01b0 m\u1ee5c th\u01b0 r\u00e1c.<br \/>\nN\u1ebfu b\u1ea1n kh\u00f4ng t\u00ecm th\u1ea5y email trong th\u01b0 m\u1ee5c th\u01b0 r\u00e1c, c\u00f3 th\u1ec3 \u0111\u1ecba ch\u1ec9 email b\u1ea1n \u0111\u00e3 nh\u1eadp \u0111\u00e3 b\u1ecb l\u1ed7i.<br \/>\nTrong tr\u01b0\u1eddng h\u1ee3p \u0111\u00f3, ch\u00fang t\u00f4i xin l\u1ed7i v\u00ec s\u1ef1 b\u1ea5t ti\u1ec7n n\u00e0y, nh\u01b0ng vui l\u00f2ng g\u1eedi l\u1ea1i c\u00e2u h\u1ecfi c\u1ee7a b\u1ea1n b\u1eb1ng c\u00e1ch s\u1eed d\u1ee5ng bi\u1ec3u m\u1eabu y\u00eau c\u1ea7u ho\u1eb7c li\u00ean h\u1ec7 v\u1edbi ch\u00fang t\u00f4i theo \u0111\u1ecba ch\u1ec9 b\u00ean d\u01b0\u1edbi.<\/p>\n","protected":false},"excerpt":{"rendered":"<p>C\u1ea3m \u01a1n b\u1ea1n \u0111\u00e3 g\u1eedi c\u00e2u h\u1ecfi. M\u1ed9t \u0111\u1ea1i di\u1ec7n s\u1ebd li\u00ean h\u1ec7 v\u1edbi b\u1ea1n, vui l\u00f2ng ch\u1edd trong gi\u00e2y l\u00e1t. N\u1ebfu b\u1ea1n kh\u00f4ng nh\u1eadn \u0111\u01b0\u1ee3c email t\u1eeb ch\u00fang t\u00f4i, c\u00f3 th\u1ec3 email \u0111\u00e3 n\u1eb1m trong th\u01b0 m\u1ee5c th\u01b0 r\u00e1c. N\u1ebfu b\u1ea1n kh\u00f4ng t\u00ecm th\u1ea5y email trong th\u01b0 m\u1ee5c th\u01b0 r\u00e1c, c\u00f3 th\u1ec3 \u0111\u1ecba ch\u1ec9 [&hellip;]<\/p>\n","protected":false},"author":2,"featured_media":0,"parent":195,"menu_order":0,"comment_status":"closed","ping_status":"closed","template":"","meta":{"_acf_changed":false,"_monsterinsights_skip_tracking":false,"_monsterinsights_sitenote_active":false,"_monsterinsights_sitenote_note":"","_monsterinsights_sitenote_category":0,"_locale":"vi","_original_post":"http:\/\/craftec-vn.check-xserver.jp\/?page_id=87","footnotes":""},"class_list":["post-210","page","type-page","status-publish","hentry","vi"],"acf":[],"aioseo_notices":[],"_links":{"self":[{"href":"https:\/\/craftec.vn\/wp-json\/wp\/v2\/pages\/210","targetHints":{"allow":["GET"]}}],"collection":[{"href":"https:\/\/craftec.vn\/wp-json\/wp\/v2\/pages"}],"about":[{"href":"https:\/\/craftec.vn\/wp-json\/wp\/v2\/types\/page"}],"author":[{"embeddable":true,"href":"https:\/\/craftec.vn\/wp-json\/wp\/v2\/users\/2"}],"replies":[{"embeddable":true,"href":"https:\/\/craftec.vn\/wp-json\/wp\/v2\/comments?post=210"}],"version-history":[{"count":4,"href":"https:\/\/craftec.vn\/wp-json\/wp\/v2\/pages\/210\/revisions"}],"predecessor-version":[{"id":251,"href":"https:\/\/craftec.vn\/wp-json\/wp\/v2\/pages\/210\/revisions\/251"}],"up":[{"embeddable":true,"href":"https:\/\/craftec.vn\/wp-json\/wp\/v2\/pages\/195"}],"wp:attachment":[{"href":"https:\/\/craftec.vn\/wp-json\/wp\/v2\/media?parent=210"}],"curies":[{"name":"wp","href":"https:\/\/api.w.org\/{rel}","templated":true}]}}