{"id":195,"date":"2025-10-15T03:39:11","date_gmt":"2025-10-15T03:39:11","guid":{"rendered":"http:\/\/craftec-vn.check-xserver.jp\/?page_id=195"},"modified":"2025-11-05T04:35:10","modified_gmt":"2025-11-05T04:35:10","slug":"contact","status":"publish","type":"page","link":"https:\/\/craftec.vn\/vi\/contact\/","title":{"rendered":"Contact"},"content":{"rendered":"<div class=\"contact_inner\">\n<section class=\"clearfix\">\n<div class=\"contact_demo\">\n<p>Xin vui l\u00f2ng \u0111i\u1ec1n v\u00e0o c\u00e1c m\u1ee5c b\u1ea1n c\u1ea7n li\u00ean h\u1ec7 d\u01b0\u1edbi \u0111\u00e2y.<br \/>\nNg\u01b0\u1eddi ph\u1ee5 tr\u00e1ch c\u1ee7a ch\u00fang t\u00f4i s\u1ebd li\u00ean h\u1ec7 l\u1ea1i v\u1edbi qu\u00fd kh\u00e1ch<\/p>\n<\/div>\n\n<div class=\"wpcf7 no-js\" id=\"wpcf7-f205-o1\" lang=\"en-US\" dir=\"ltr\" data-wpcf7-id=\"205\">\n<div class=\"screen-reader-response\"><p role=\"status\" aria-live=\"polite\" aria-atomic=\"true\"><\/p> <ul><\/ul><\/div>\n<form action=\"\/vi\/wp-json\/wp\/v2\/pages\/195#wpcf7-f205-o1\" method=\"post\" class=\"wpcf7-form init\" aria-label=\"Contact form\" novalidate=\"novalidate\" data-status=\"init\">\n<fieldset class=\"hidden-fields-container\"><input type=\"hidden\" name=\"_wpcf7\" value=\"205\" \/><input type=\"hidden\" name=\"_wpcf7_version\" value=\"6.1.5\" \/><input type=\"hidden\" name=\"_wpcf7_locale\" value=\"en_US\" \/><input type=\"hidden\" name=\"_wpcf7_unit_tag\" value=\"wpcf7-f205-o1\" \/><input type=\"hidden\" name=\"_wpcf7_container_post\" value=\"0\" \/><input type=\"hidden\" name=\"_wpcf7_posted_data_hash\" value=\"\" \/><input type=\"hidden\" name=\"_wpcf7_recaptcha_response\" value=\"\" \/>\n<\/fieldset>\n<div class=\"mail_form\">\n\t<table class=\"tb_block tb_fix\">\n\t\t<tr class=\"custom_radio01\">\n\t\t\t<th class=\"w30\">\n\t\t\t\t<p><span class=\"must on\">B\u1eaft bu\u1ed9c<\/span><span class=\"text\">N\u1ed9i dung li\u00ean h\u1ec7<\/span>\n\t\t\t\t<\/p>\n\t\t\t<\/th>\n\t\t\t<td>\n\t\t\t\t<p><span class=\"wpcf7-form-control-wrap\" data-name=\"radio01\"><span class=\"wpcf7-form-control wpcf7-radio\"><span class=\"wpcf7-list-item first\"><label><input type=\"radio\" name=\"radio01\" value=\"To\u00e0n b\u1ed9 c\u00e1c h\u1ea1ng m\u1ee5c v\u1ec1 v\u0103n ph\u00f2ng nh\u01b0: m\u1edf v\u0103n ph\u00f2ng m\u1edbi, chuy\u1ec3n \u0111\u1ecba \u0111i\u1ec3m, c\u1ea3i t\u1ea1o, n\u00e2ng c\u1ea5p\" \/><span class=\"wpcf7-list-item-label\">To\u00e0n b\u1ed9 c\u00e1c h\u1ea1ng m\u1ee5c v\u1ec1 v\u0103n ph\u00f2ng nh\u01b0: m\u1edf v\u0103n ph\u00f2ng m\u1edbi, chuy\u1ec3n \u0111\u1ecba \u0111i\u1ec3m, c\u1ea3i t\u1ea1o, n\u00e2ng c\u1ea5p<\/span><\/label><\/span><span class=\"wpcf7-list-item\"><label><input type=\"radio\" name=\"radio01\" value=\"Thi\u1ebft k\u1ebf n\u1ed9i th\u1ea5t v\u00e0 trang b\u1ecb cho v\u0103n ph\u00f2ng, ph\u00f2ng h\u1ecdp, c\u0103ng tin trong nh\u00e0 m\u00e1y\" \/><span class=\"wpcf7-list-item-label\">Thi\u1ebft k\u1ebf n\u1ed9i th\u1ea5t v\u00e0 trang b\u1ecb cho v\u0103n ph\u00f2ng, ph\u00f2ng h\u1ecdp, c\u0103ng tin trong nh\u00e0 m\u00e1y<\/span><\/label><\/span><span class=\"wpcf7-list-item\"><label><input type=\"radio\" name=\"radio01\" value=\"K\u1ebf ho\u1ea1ch ph\u00e1t tri\u1ec3n\/tri\u1ec3n khai c\u1eeda h\u00e0ng\" \/><span class=\"wpcf7-list-item-label\">K\u1ebf ho\u1ea1ch ph\u00e1t tri\u1ec3n\/tri\u1ec3n khai c\u1eeda h\u00e0ng<\/span><\/label><\/span><span class=\"wpcf7-list-item\"><label><input type=\"radio\" name=\"radio01\" value=\"Gia c\u00f4ng, s\u1ea3n xu\u1ea5t n\u1ed9i th\u1ea5t v\u00e0 mua gh\u1ebf\" \/><span class=\"wpcf7-list-item-label\">Gia c\u00f4ng, s\u1ea3n xu\u1ea5t n\u1ed9i th\u1ea5t v\u00e0 mua gh\u1ebf<\/span><\/label><\/span><span class=\"wpcf7-list-item\"><label><input type=\"radio\" name=\"radio01\" value=\"Kh\u00f4i ph\u1ee5c hi\u1ec7n tr\u1ea1ng v\u00e0 chuy\u1ec3n v\u0103n ph\u00f2ng\" \/><span class=\"wpcf7-list-item-label\">Kh\u00f4i ph\u1ee5c hi\u1ec7n tr\u1ea1ng v\u00e0 chuy\u1ec3n v\u0103n ph\u00f2ng<\/span><\/label><\/span><span class=\"wpcf7-list-item last\"><label><input type=\"radio\" name=\"radio01\" value=\"C\u00e1c n\u1ed9i dung kh\u00e1c\" \/><span class=\"wpcf7-list-item-label\">C\u00e1c n\u1ed9i dung kh\u00e1c<\/span><\/label><\/span><\/span><\/span>\n\t\t\t\t<\/p>\n\t\t\t<\/td>\n\t\t<\/tr>\n\t\t<tr>\n\t\t\t<th>\n\t\t\t\t<p><span class=\"must on\">B\u1eaft bu\u1ed9c<\/span><span class=\"text\">T\u00ean ng\u01b0\u1eddi ph\u1ee5 tr\u00e1ch<\/span>\n\t\t\t\t<\/p>\n\t\t\t<\/th>\n\t\t\t<td>\n\t\t\t\t<p><span class=\"wpcf7-form-control-wrap\" data-name=\"your-name\"><input size=\"40\" maxlength=\"400\" class=\"wpcf7-form-control wpcf7-text wpcf7-validates-as-required class_input\" aria-required=\"true\" aria-invalid=\"false\" value=\"\" type=\"text\" name=\"your-name\" \/><\/span>\n\t\t\t\t<\/p>\n\t\t\t<\/td>\n\t\t<\/tr>\n\t\t<tr>\n\t\t\t<th>\n\t\t\t\t<p><span class=\"must on\">B\u1eaft bu\u1ed9c<\/span><span class=\"text\">T\u00ean c\u00f4ng ty<\/span>\n\t\t\t\t<\/p>\n\t\t\t<\/th>\n\t\t\t<td>\n\t\t\t\t<p><span class=\"wpcf7-form-control-wrap\" data-name=\"your-company\"><input size=\"40\" maxlength=\"400\" class=\"wpcf7-form-control wpcf7-text wpcf7-validates-as-required class_input\" aria-required=\"true\" aria-invalid=\"false\" value=\"\" type=\"text\" name=\"your-company\" \/><\/span>\n\t\t\t\t<\/p>\n\t\t\t<\/td>\n\t\t<\/tr>\n\t\t<tr>\n\t\t\t<th>\n\t\t\t\t<p><span class=\"must on\">B\u1eaft bu\u1ed9c<\/span><span class=\"text\">S\u1ed1 \u0111i\u1ec7n tho\u1ea1i li\u00ean h\u1ec7<\/span>\n\t\t\t\t<\/p>\n\t\t\t<\/th>\n\t\t\t<td>\n\t\t\t\t<p><span class=\"wpcf7-form-control-wrap\" data-name=\"your-phone\"><input size=\"40\" maxlength=\"400\" class=\"wpcf7-form-control wpcf7-text wpcf7-validates-as-required class_input\" aria-required=\"true\" aria-invalid=\"false\" placeholder=\"09012345678\" value=\"\" type=\"text\" name=\"your-phone\" \/><\/span>\n\t\t\t\t<\/p>\n\t\t\t<\/td>\n\t\t<\/tr>\n\t\t<tr>\n\t\t\t<th>\n\t\t\t\t<p><span class=\"must on\">B\u1eaft bu\u1ed9c<\/span><span class=\"text\">\u0110\u1ecba ch\u1ec9 mail<\/span>\n\t\t\t\t<\/p>\n\t\t\t<\/th>\n\t\t\t<td>\n\t\t\t\t<p><span class=\"wpcf7-form-control-wrap\" data-name=\"your-email\"><input size=\"40\" maxlength=\"400\" class=\"wpcf7-form-control wpcf7-text wpcf7-validates-as-required class_input\" aria-required=\"true\" aria-invalid=\"false\" placeholder=\"hello@craftec_sample.com\" value=\"\" type=\"text\" name=\"your-email\" \/><\/span>\n\t\t\t\t<\/p>\n\t\t\t<\/td>\n\t\t<\/tr>\n\t\t<tr class=\"bb\">\n\t\t\t<th>\n\t\t\t\t<p><span class=\"must on\">B\u1eaft bu\u1ed9c<\/span><span class=\"text\">N\u1ed9i dung li\u00ean h\u1ec7 chi ti\u1ebft<\/span>\n\t\t\t\t<\/p>\n\t\t\t<\/th>\n\t\t\t<td>\n\t\t\t\t<p><span class=\"wpcf7-form-control-wrap\" data-name=\"check-comment\"><textarea cols=\"40\" rows=\"10\" maxlength=\"2000\" class=\"wpcf7-form-control wpcf7-textarea wpcf7-validates-as-required class_input\" aria-required=\"true\" aria-invalid=\"false\" name=\"check-comment\"><\/textarea><\/span>\n\t\t\t\t<\/p>\n\t\t\t<\/td>\n\t\t<\/tr>\n\t\t<tr class=\"box_policy_fix policy_js\">\n\t\t\t<td colspan=\"2\">\n\t\t\t\t<p><span class=\"wpcf7-form-control-wrap\" data-name=\"check_policy\"><span class=\"wpcf7-form-control wpcf7-checkbox wpcf7-validates-as-required\"><span class=\"wpcf7-list-item first last\"><label><input type=\"checkbox\" name=\"check_policy[]\" value=\"Vui l\u00f2ng \u0111\u1ecdc k\u1ef9 Ch\u00ednh s\u00e1ch b\u1ea3o m\u1eadt, x\u00e1c nh\u1eadn n\u1ed9i dung v\u00e0 sau \u0111\u00f3 g\u1eedi y\u00eau c\u1ea7u li\u00ean h\u1ec7.\" \/><span class=\"wpcf7-list-item-label\">Vui l\u00f2ng \u0111\u1ecdc k\u1ef9 Ch\u00ednh s\u00e1ch b\u1ea3o m\u1eadt, x\u00e1c nh\u1eadn n\u1ed9i dung v\u00e0 sau \u0111\u00f3 g\u1eedi y\u00eau c\u1ea7u li\u00ean h\u1ec7.<\/span><\/label><\/span><\/span><\/span>\n\t\t\t\t<\/p>\n\t\t\t<\/td>\n\t\t<\/tr>\n\t\t<tr class=\"box_policy_fix\">\n\t\t\t<td colspan=\"2\">\n\t\t\t\t<p><span class=\"wpcf7-form-control-wrap\" data-name=\"check_policy02\"><span class=\"wpcf7-form-control wpcf7-checkbox wpcf7-validates-as-required\"><span class=\"wpcf7-list-item first last\"><label><input type=\"checkbox\" name=\"check_policy02[]\" value=\"Khi b\u1ea1n nh\u1ea5n n\u00fat g\u1eedi, th\u00f4ng tin s\u1ebd \u0111\u01b0\u1ee3c g\u1eedi \u0111i m\u00e0 kh\u00f4ng c\u1ea7n chuy\u1ec3n \u0111\u1ebfn m\u00e0n h\u00ecnh x\u00e1c nh\u1eadn. Vui l\u00f2ng ki\u1ec3m tra l\u1ea1i th\u00f4ng tin b\u1ea1n \u0111\u00e3 nh\u1eadp.\" \/><span class=\"wpcf7-list-item-label\">Khi b\u1ea1n nh\u1ea5n n\u00fat g\u1eedi, th\u00f4ng tin s\u1ebd \u0111\u01b0\u1ee3c g\u1eedi \u0111i m\u00e0 kh\u00f4ng c\u1ea7n chuy\u1ec3n \u0111\u1ebfn m\u00e0n h\u00ecnh x\u00e1c nh\u1eadn. Vui l\u00f2ng ki\u1ec3m tra l\u1ea1i th\u00f4ng tin b\u1ea1n \u0111\u00e3 nh\u1eadp.<\/span><\/label><\/span><\/span><\/span>\n\t\t\t\t<\/p>\n\t\t\t<\/td>\n\t\t<\/tr>\n\t<\/table>\n<\/div>\n<div class=\"class_submit\">\n\t<p><input class=\"wpcf7-form-control wpcf7-submit has-spinner\" type=\"submit\" value=\"G\u1eedi y\u00eau c\u1ea7u\" \/>\n\t<\/p>\n<\/div><div class=\"wpcf7-response-output\" aria-hidden=\"true\"><\/div>\n<\/form>\n<\/div>\n\n<\/section>\n<\/div>\n","protected":false},"excerpt":{"rendered":"<p>Xin vui l\u00f2ng \u0111i\u1ec1n v\u00e0o c\u00e1c m\u1ee5c b\u1ea1n c\u1ea7n li\u00ean h\u1ec7 d\u01b0\u1edbi \u0111\u00e2y. Ng\u01b0\u1eddi ph\u1ee5 tr\u00e1ch c\u1ee7a ch\u00fang t\u00f4i s\u1ebd li\u00ean h\u1ec7 l\u1ea1i v\u1edbi qu\u00fd kh\u00e1ch<\/p>\n","protected":false},"author":2,"featured_media":0,"parent":0,"menu_order":0,"comment_status":"closed","ping_status":"closed","template":"","meta":{"_acf_changed":false,"_monsterinsights_skip_tracking":false,"_monsterinsights_sitenote_active":false,"_monsterinsights_sitenote_note":"","_monsterinsights_sitenote_category":0,"_locale":"vi","_original_post":"http:\/\/craftec-vn.check-xserver.jp\/?page_id=78","footnotes":""},"class_list":["post-195","page","type-page","status-publish","hentry","vi"],"acf":[],"aioseo_notices":[],"_links":{"self":[{"href":"https:\/\/craftec.vn\/wp-json\/wp\/v2\/pages\/195","targetHints":{"allow":["GET"]}}],"collection":[{"href":"https:\/\/craftec.vn\/wp-json\/wp\/v2\/pages"}],"about":[{"href":"https:\/\/craftec.vn\/wp-json\/wp\/v2\/types\/page"}],"author":[{"embeddable":true,"href":"https:\/\/craftec.vn\/wp-json\/wp\/v2\/users\/2"}],"replies":[{"embeddable":true,"href":"https:\/\/craftec.vn\/wp-json\/wp\/v2\/comments?post=195"}],"version-history":[{"count":6,"href":"https:\/\/craftec.vn\/wp-json\/wp\/v2\/pages\/195\/revisions"}],"predecessor-version":[{"id":250,"href":"https:\/\/craftec.vn\/wp-json\/wp\/v2\/pages\/195\/revisions\/250"}],"wp:attachment":[{"href":"https:\/\/craftec.vn\/wp-json\/wp\/v2\/media?parent=195"}],"curies":[{"name":"wp","href":"https:\/\/api.w.org\/{rel}","templated":true}]}}