{"id":136,"date":"2025-10-14T20:05:26","date_gmt":"2025-10-14T20:05:26","guid":{"rendered":"http:\/\/craftec-vn.check-xserver.jp\/?page_id=136"},"modified":"2025-12-22T09:46:32","modified_gmt":"2025-12-22T09:46:32","slug":"about-us","status":"publish","type":"page","link":"https:\/\/craftec.vn\/vi\/about-us\/","title":{"rendered":"About us"},"content":{"rendered":"<section class=\"clearfix\">\n<div class=\"about_ttl\">\n<h3 class=\"u_sec_ttl\"><span class=\"ja\">L\u1eddi ch\u00e0o t\u1eeb ng\u01b0\u1eddi \u0111\u1ea1i di\u1ec7n<\/span><span class=\"en\">MESSAGE<\/span><\/h3>\n<\/div>\n<div class=\"about_sec01\">\n<div class=\"about_flex\">\n<div class=\"about_left\">\n<div class=\"about_left_ttl\">\n<p>H\u01b0\u1edbng \u0111\u1ebfn gi\u1ea3i ph\u00e1p t\u1ed1i \u01b0u nh\u1ea5t, n\u00e2ng t\u1ea7m kh\u00f4ng gian v\u0103n ph\u00f2ng t\u1ea1i Vi\u1ec7t Nam<\/p>\n<\/div>\n<div class=\"about_left_des\">\n<p>T\u1ea1i c\u00e1c c\u00f4ng tr\u00ecnh \u1edf Vi\u1ec7t Nam lu\u00f4n c\u00f3 nh\u1eefng s\u1ef1 c\u1ed1 ngo\u00e0i d\u1ef1 \u0111o\u00e1n di\u1ec5n ra th\u01b0\u1eddng xuy\u00ean, \u0111\u1ec3 m\u1ed9t d\u1ef1 \u00e1n ho\u00e0n t\u1ea5t \u0111\u00fang k\u1ebf ho\u1ea1ch \u0111\u00f2i h\u1ecfi s\u1ef1 n\u1ed7 l\u1ef1c qu\u1ea3n l\u00fd g\u1ea5p 4 l\u1ea7n so v\u1edbi Nh\u1eadt B\u1ea3n. C\u00e2u h\u1ecfi \u0111\u1eb7t ra l\u00e0: L\u00e0m sao v\u1eeba gi\u1ea3m thi\u1ec3u r\u1ee7i ro, v\u1eeba mang l\u1ea1i s\u1ef1 h\u00e0i l\u00f2ng cho nhi\u1ec1u kh\u00e1ch h\u00e0ng?<br \/>\nD\u1ef1a v\u00e0o kinh nghi\u1ec7m th\u1ef1c t\u1ebf khi \u0111\u1eb7t ch\u00e2n v\u00e0o th\u1ecb tr\u01b0\u1eddng Vi\u1ec7t Nam t\u1eeb n\u0103m 2017, Khi b\u1eaft \u0111\u1ea7u s\u1ef1 nghi\u1ec7p trong l\u0129nh v\u1ef1c n\u1ed9i th\u1ea5t v\u0103n ph\u00f2ng t\u1ea1i Vi\u1ec7t Nam, t\u00f4i \u0111\u00e3 s\u1edbm nh\u1eadn ra r\u1eb1ng: Thay v\u00ec ch\u1ec9 t\u1eadp trung v\u00e0o ho\u1ea1t \u0111\u1ed9ng b\u00e1n h\u00e0ng, \u0111i\u1ec1u quan tr\u1ecdng nh\u1ea5t ch\u00ednh l\u00e0 l\u1eafng nghe kh\u00e1ch h\u00e0ng v\u00e0 \u0111\u1ea7u t\u01b0 v\u00e0o \u0111\u00e0o t\u1ea1o \u0111\u1ed9i ng\u0169.<br \/>\nNh\u1edd nh\u1eefng \u0111\u1ecbnh h\u01b0\u1edbng \u0111\u00f3 \u0111\u00e3 mang l\u1ea1i l\u00f2ng tin, nh\u1eefng l\u1eddi gi\u1edbi thi\u1ec7u t\u1eeb kh\u00e1ch h\u00e0ng ng\u00e0y c\u00e0ng nhi\u1ec1u, v\u00e0 d\u1ea7n h\u00ecnh th\u00e0nh phong c\u00e1ch \u201cc\u00f4ng ty x\u00e2y d\u1ef1ng kh\u00f4ng c\u1ea7n b\u00e1n h\u00e0ng\u201d.<br \/>\nCh\u00ednh \u0111\u1ec3 k\u1ebf th\u1eeba v\u00e0 kh\u00f4ng ng\u1eebng ho\u00e0n thi\u1ec7n phong c\u00e1ch \u0111\u00e3 \u0111\u01b0\u1ee3c r\u00e8n luy\u1ec7n t\u1ea1i Vi\u1ec7t Nam, ch\u00fang t\u00f4i \u0111\u00e3 th\u00e0nh l\u1eadp CRAFTEC VIETNAM.<br \/>\nT\u1ed5ng Gi\u00e1m \u0110\u1ed1c \u3000YOSHIKOSHI SEIICHIRO<\/p>\n<\/div>\n<\/div>\n<div class=\"about_right\">\n<div class=\"about_right_img\">\n<p><img decoding=\"async\" src=\"https:\/\/craftec.vn\/wp-content\/themes\/craftec\/images\/about_img01.jpg\" alt=\"L\u1eddi ch\u00e0o t\u1eeb ng\u01b0\u1eddi \u0111\u1ea1i di\u1ec7n\" width=\"500\" \/><\/p>\n<\/div>\n<\/div>\n<\/div>\n<\/div>\n<\/section>\n<section class=\"clearfix\">\n<div class=\"about_row\">\n<div class=\"about_row_ttl\">\n<h3 class=\"u_sec_ttl\"><span class=\"ja\">T\u1ea7m nh\u00ecn<\/span><span class=\"en\">VISION<\/span><\/h3>\n<\/div>\n<div class=\"about_row_des\">\n<div class=\"about_left_ttl\">\n<p>\u0110\u00f3ng g\u00f3p cho x\u00e3 h\u1ed9i Vi\u1ec7t Nam v\u1edbi vai tr\u00f2 l\u00e0 chuy\u00ean gia trong l\u0129nh v\u1ef1c thi c\u00f4ng thi\u1ebft k\u1ebf n\u1ed9i th\u1ea5t v\u0103n ph\u00f2ng.<\/p>\n<\/div>\n<div class=\"about_des_all\">\n<p>M\u1ee5c ti\u00eau c\u1ee7a ch\u00fang t\u00f4i kh\u00f4ng ch\u1ec9 h\u1ed7 tr\u1ee3 d\u1ecbch v\u1ee5 thi\u1ebft k\u1ebf thi c\u00f4ng n\u1ed9i th\u1ea5t, m\u00e0 c\u00f2n \u0111\u1ed3ng h\u00e0nh h\u1ed7 tr\u1ee3 con \u0111\u01b0\u1eddng ph\u00e1t tri\u1ec3n kinh doanh c\u1ee7a kh\u00e1ch h\u00e0ng t\u1ea1i Vi\u1ec7t Nam.<br \/>\nTrong s\u1ef1 ph\u00e1t tri\u1ec3n c\u1ee7a doanh nghi\u1ec7p t\u1ea1i Vi\u1ec7t Nam, v\u0103n ph\u00f2ng ch\u00ednh l\u00e0 \u201cchi\u1ebfc h\u1ed9p\u201d kh\u00f4ng th\u1ec3 thi\u1ebfu \u0111\u1ec3 nu\u00f4i d\u01b0\u1ee1ng s\u1ef1 g\u1eafn k\u1ebft c\u1ee7a \u0111\u1ed9i ng\u0169 nh\u00e2n vi\u00ean. V\u00e0 nhi\u1ec7m v\u1ee5 c\u1ee7a ch\u00fang t\u00f4i l\u00e0 mang \u0111\u1ebfn nh\u1eefng gi\u1ea3i ph\u00e1p \u0111\u1ec3 t\u1ed1i \u01b0u ho\u00e1 \u201cchi\u1ebfc h\u1ed9p\u201d \u0111\u00f3.<br \/>\nV\u1edbi t\u1ef7 l\u1ec7 kh\u00e1ch h\u00e0ng quay l\u1ea1i s\u1eed d\u1ee5ng d\u1ecbch v\u1ee5 tr\u00ean 90%, CRAFTEC t\u1ef1 h\u00e0o l\u00e0 t\u1eadp th\u1ec3 chuy\u00ean gia \u0111\u01b0\u1ee3c tin c\u1eady h\u00e0ng \u0111\u1ea7u trong l\u0129nh v\u1ef1c ki\u1ebfn t\u1ea1o v\u0103n ph\u00f2ng t\u1ea1i Vi\u1ec7t Nam. V\u1edbi nh\u1eefng th\u00e0nh qu\u1ea3 \u0111\u00f3, ch\u00fang t\u00f4i lu\u00f4n mong mu\u1ed1n \u0111\u00f3ng g\u00f3p gi\u00e1 tr\u1ecb thi\u1ebft th\u1ef1c cho x\u00e3 h\u1ed9i Vi\u1ec7t Nam.<\/p>\n<\/div>\n<\/div>\n<\/div>\n<\/section>\n<section class=\"clearfix\">\n<div class=\"about_row\">\n<div class=\"about_row_ttl\">\n<h3 class=\"u_sec_ttl\"><span class=\"ja\">Tri\u1ebft l\u00fd doanh nghi\u1ec7p<\/span><span class=\"en\">MISSION<\/span><\/h3>\n<\/div>\n<div class=\"about_row_des\">\n<div class=\"about_left_ttl\">\n<p>Kh\u00f4ng ch\u1ec9 t\u00ecm ki\u1ebfm th\u00e0nh c\u00f4ng cho ri\u00eang m\u00ecnh, ch\u00fang t\u00f4i \u0111\u1eb7t s\u1ef1 ch\u00e2n th\u00e0nh l\u00e0m kim ch\u1ec9 nam v\u00e0 tr\u00e2n qu\u00fd m\u1ecdi m\u1ed1i quan h\u1ec7.<\/p>\n<\/div>\n<div class=\"about_des_all\">\n<p>Ng\u00e0nh n\u1ed9i th\u1ea5t t\u1ea1i Vi\u1ec7t Nam hi\u1ec7n nay v\u1eabn c\u00f2n nhi\u1ec1u v\u1ea5n \u0111\u1ec1 c\u1ea7n c\u1ea3i thi\u1ec7n, t\u1eeb \u0111\u00e0o t\u1ea1o nh\u00e2n s\u1ef1, chia s\u1ebb gi\u00e1 tr\u1ecb, cho \u0111\u1ebfn k\u1ef9 n\u0103ng v\u00e0 t\u00e1c phong t\u1ea1i c\u00f4ng tr\u01b0\u1eddng. Ch\u00fang t\u00f4i xem l\u0129nh v\u1ef1c n\u1ed9i th\u1ea5t l\u00e0 m\u1ed9t ng\u00e0nh d\u1ecbch v\u1ee5, v\u00e0 lu\u00f4n tu\u00e2n th\u1ee7 nghi\u00eam ng\u1eb7t nh\u1eefng cam k\u1ebft v\u1ed1n \u0111\u01b0\u1ee3c coi tr\u1ecdng trong t\u1eadp qu\u00e1n kinh doanh c\u1ee7a Nh\u1eadt B\u1ea3n.<br \/>\n\u0110\u1ed9i ng\u0169 nh\u00e2n vi\u00ean \u0111\u01b0\u1ee3c \u0111\u00e0o t\u1ea1o theo chu\u1ea9n m\u1ef1c t\u00e1c phong kinh doanh Nh\u1eadt B\u1ea3n s\u1ebd lu\u00f4n c\u00f3 tr\u00e1ch nhi\u1ec7m \u0111\u1ed3ng h\u00e0nh c\u00f9ng k\u1ebf ho\u1ea1ch c\u1ee7a kh\u00e1ch h\u00e0ng, \u0111\u1ed3ng th\u1eddi coi tr\u1ecdng c\u1ea3 d\u1ecbch v\u1ee5 h\u1eadu m\u00e3i sau khi b\u00e0n giao. Ch\u00fang t\u00f4i tin r\u1eb1ng th\u00e0nh c\u00f4ng kh\u00f4ng ph\u1ea3i l\u00e0 \u201cchi\u1ebfn th\u1eafng c\u1ee7a ri\u00eang m\u00ecnh\u201d, m\u00e0 l\u00e0 x\u00e2y d\u1ef1ng m\u1ed1i quan h\u1ec7 giao d\u1ecbch WIN\u2013WIN, n\u01a1i kh\u00e1ch h\u00e0ng v\u00e0 t\u1ea5t c\u1ea3 nh\u1eefng ng\u01b0\u1eddi li\u00ean quan \u0111\u1ebfn d\u1ef1 \u00e1n \u0111\u1ec1u c\u00f3 \u0111\u01b0\u1ee3c l\u1ee3i \u00edch.<\/p>\n<\/div>\n<\/div>\n<\/div>\n<\/section>\n<section class=\"clearfix\">\n<div class=\"about_row\">\n<div class=\"about_row_ttl\">\n<h3 class=\"u_sec_ttl\"><span class=\"ja\">L\u1ecbch s\u1eed c\u00f4ng ty<\/span><span class=\"en\">COMPANY<br class=\"pc\" \/>OVERVIEW<\/span><\/h3>\n<\/div>\n<div class=\"about_row_des\">\n<div class=\"about_table\">\n<dl>\n<dt>T\u00ean c\u00f4ng ty<\/dt>\n<dd>CRAFTEC VIETNAM CO., LTD.<\/dd>\n<\/dl>\n<dl>\n<dt>Ng\u01b0\u1eddi \u0111\u1ea1i \u0111i\u1ec7n<\/dt>\n<dd>YOSHIKOSHI SEIICHIRO<\/dd>\n<\/dl>\n<dl>\n<dt>Ng\u00e0y th\u00e0nh l\u1eadp<\/dt>\n<dd>13\/02\/2025<\/dd>\n<\/dl>\n<dl>\n<dt>V\u1ed1n \u0111i\u1ec1u l\u1ec7<\/dt>\n<dd>30,000,000 JPY<\/dd>\n<\/dl>\n<dl>\n<dt>C\u00f4ng ty m\u1eb9<\/dt>\n<dd>Kobo Co.,Ltd.<\/dd>\n<\/dl>\n<dl>\n<dt>S\u1ed1 \u0111i\u1ec7n tho\u1ea1i li\u00ean l\u1ea1c<\/dt>\n<dd><a class=\"sweetlink\" href=\"tel:+842835354267\">+84-28-3535-4267<\/a><\/dd>\n<\/dl>\n<dl>\n<dt>L\u0129nh v\u1ef1c ho\u1ea1t \u0111\u1ed9ng<\/dt>\n<dd>Thi c\u00f4ng thi\u1ebft k\u1ebf n\u1ed9i th\u1ea5t v\u0103n ph\u00f2ng<br \/>\nT\u01b0 v\u1ea5n x\u00e2y d\u1ef1ng v\u0103n ph\u00f2ng<br \/>\nThi\u1ebft k\u1ebf &amp; thi c\u00f4ng n\u1ed9i th\u1ea5t nh\u00e0 m\u00e1y, c\u1eeda h\u00e0ng v\u00e0 nh\u00e0 d\u00e2n d\u1ee5ng<br \/>\nThi\u1ebft k\u1ebf, s\u1ea3n xu\u1ea5t n\u1ed9i th\u1ea5t &amp; Cung c\u1ea5p l\u1eafp \u0111\u1eb7t thi\u1ebft b\u1ecb<br \/>\nThi c\u00f4ng kh\u00f4i ph\u1ee5c hi\u1ec7n tr ho\u00e0n tr\u1ea3 m\u1eb7t b\u1eb1ng v\u00e0 chuy\u1ec3n v\u0103n ph\u00f2ng<\/dd>\n<\/dl>\n<dl>\n<dd class=\"w_full\">\n<p class=\"mb5\">Li\u00ean h\u1ec7<\/p>\n<div class=\"box_map\"><iframe src=\"https:\/\/www.google.com\/maps\/embed?pb=!1m18!1m12!1m3!1d3919.2677187100044!2d106.7059533107934!3d10.790795758883748!2m3!1f0!2f0!3f0!3m2!1i1024!2i768!4f13.1!3m3!1m2!1s0x317529143d293fcf%3A0x6cbb608ff9de8cc7!2sCRAFTEC%20VIETNAM%20COMPANY%20LIMITED!5e0!3m2!1svi!2s!4v1766396572919!5m2!1svi!2s\" width=\"600\" height=\"450\" style=\"border:0;\" allowfullscreen=\"\" loading=\"lazy\" referrerpolicy=\"no-referrer-when-downgrade\"><\/iframe><\/div>\n<p>T\u00f2a nh\u00e0 Queen Pearls, T\u1ea7ng 1, 48 Hu\u1ef3nh M\u1eabn \u0110\u1ea1t, Ph\u01b0\u1eddng Th\u1ea1nh M\u1ef9 T\u00e2y, TP H\u1ed3 Ch\u00ed Minh<\/dd>\n<\/dl>\n<\/div>\n<\/div>\n<\/div>\n<\/section>\n<section class=\"clearfix\">\n<div class=\"about_row\">\n<div class=\"about_row_ttl\">\n<h3 class=\"u_sec_ttl\"><span class=\"ja\">L\u1ecbch s\u1eed h\u00ecnh th\u00e0nh<\/span><span class=\"en\">HISTORY<\/span><\/h3>\n<\/div>\n<div class=\"about_row_des\">\n<div class=\"about_history\">\n<dl>\n<dt>2024\/2<\/dt>\n<dd>Th\u00e0nh l\u1eadp th\u01b0\u01a1ng hi\u1ec7u n\u1ed9i th\u1ea5t \u201cCRAFTEC SOLUTIONS\u201d tr\u1ef1c thu\u1ed9c KOBO ASIA CO., LTD.<\/dd>\n<\/dl>\n<dl>\n<dt>2025\/2<\/dt>\n<dd>Th\u00e0nh l\u1eadp c\u00f4ng ty CRAFTEC VIETNAM CO., LTD. tr\u00ean c\u01a1 s\u1edf t\u00e1ch ri\u00eang ho\u1ea1t \u0111\u1ed9ng kinh doanh.<\/dd>\n<\/dl>\n<\/div>\n<\/div>\n<\/div>\n<\/section>\n","protected":false},"excerpt":{"rendered":"<p>L\u1eddi ch\u00e0o t\u1eeb ng\u01b0\u1eddi \u0111\u1ea1i di\u1ec7nMESSAGE H\u01b0\u1edbng \u0111\u1ebfn gi\u1ea3i ph\u00e1p t\u1ed1i \u01b0u nh\u1ea5t, n\u00e2ng t\u1ea7m kh\u00f4ng gian v\u0103n ph\u00f2ng t\u1ea1i Vi\u1ec7t Nam T\u1ea1i c\u00e1c c\u00f4ng tr\u00ecnh \u1edf Vi\u1ec7t Nam lu\u00f4n c\u00f3 nh\u1eefng s\u1ef1 c\u1ed1 ngo\u00e0i d\u1ef1 \u0111o\u00e1n di\u1ec5n ra th\u01b0\u1eddng xuy\u00ean, \u0111\u1ec3 m\u1ed9t d\u1ef1 \u00e1n ho\u00e0n t\u1ea5t \u0111\u00fang k\u1ebf ho\u1ea1ch \u0111\u00f2i h\u1ecfi s\u1ef1 n\u1ed7 l\u1ef1c [&hellip;]<\/p>\n","protected":false},"author":2,"featured_media":0,"parent":0,"menu_order":0,"comment_status":"closed","ping_status":"closed","template":"","meta":{"_acf_changed":false,"_monsterinsights_skip_tracking":false,"_monsterinsights_sitenote_active":false,"_monsterinsights_sitenote_note":"","_monsterinsights_sitenote_category":0,"_locale":"vi","_original_post":"http:\/\/craftec-vn.check-xserver.jp\/?page_id=9","footnotes":""},"class_list":["post-136","page","type-page","status-publish","hentry","vi"],"acf":[],"aioseo_notices":[],"_links":{"self":[{"href":"https:\/\/craftec.vn\/wp-json\/wp\/v2\/pages\/136","targetHints":{"allow":["GET"]}}],"collection":[{"href":"https:\/\/craftec.vn\/wp-json\/wp\/v2\/pages"}],"about":[{"href":"https:\/\/craftec.vn\/wp-json\/wp\/v2\/types\/page"}],"author":[{"embeddable":true,"href":"https:\/\/craftec.vn\/wp-json\/wp\/v2\/users\/2"}],"replies":[{"embeddable":true,"href":"https:\/\/craftec.vn\/wp-json\/wp\/v2\/comments?post=136"}],"version-history":[{"count":15,"href":"https:\/\/craftec.vn\/wp-json\/wp\/v2\/pages\/136\/revisions"}],"predecessor-version":[{"id":726,"href":"https:\/\/craftec.vn\/wp-json\/wp\/v2\/pages\/136\/revisions\/726"}],"wp:attachment":[{"href":"https:\/\/craftec.vn\/wp-json\/wp\/v2\/media?parent=136"}],"curies":[{"name":"wp","href":"https:\/\/api.w.org\/{rel}","templated":true}]}}